{"id":28,"date":"2021-03-18T11:20:24","date_gmt":"2021-03-18T09:20:24","guid":{"rendered":"http:\/\/guia-practicum-dificultats-aprenentatge.recursos.uoc.edu\/guia-estudiantes\/?page_id=28"},"modified":"2023-08-29T17:08:27","modified_gmt":"2023-08-29T15:08:27","slug":"1-2-objetivos","status":"publish","type":"page","link":"http:\/\/guia-practicum-dificultats-aprenentatge.recursos.uoc.edu\/guia-estudiantat\/es\/1-2-objetivos\/","title":{"rendered":"1.2. Objetivos"},"content":{"rendered":"<p>Al final de la asignatura de Pr\u00e1cticum profesionalizador, se espera que el estudiantado sea capaz de:<\/p>\n<ul>\n<li>Conocer en profundidad un contexto de intervenci\u00f3n educativa en dificultades del aprendizaje, transtornos del lenguaje y del desarrollo.<\/li>\n<li>Aplicar en un contexto real las diferentes estrategias, recursos e instrumentos de los que dispone el profesional de la educaci\u00f3n para evaluar e identificar las necesidades educativas especiales (NEE) de los ni\u00f1os y las ni\u00f1as con dificultades del aprendizaje y trastornos del lenguaje y del desarrollo.<\/li>\n<li>Planificar, implementar y evaluar varias intervenciones en diferentes dificultades y trastornos que actualmente se pueden encontrar en alumnado de Primaria y Secundaria.<\/li>\n<\/ul>\n","protected":false},"excerpt":{"rendered":"<p>Al final de la asignatura de Pr\u00e1cticum profesionalizador, se espera que el estudiantado sea capaz de: Conocer en profundidad un contexto de intervenci\u00f3n educativa en dificultades del aprendizaje, transtornos del lenguaje y del desarrollo. Aplicar en un contexto real las diferentes estrategias, recursos e instrumentos de los que dispone el profesional de la educaci\u00f3n para [&hellip;]<\/p>\n","protected":false},"author":1,"featured_media":0,"parent":0,"menu_order":0,"comment_status":"closed","ping_status":"closed","template":"","meta":[],"_links":{"self":[{"href":"http:\/\/guia-practicum-dificultats-aprenentatge.recursos.uoc.edu\/guia-estudiantat\/es\/wp-json\/wp\/v2\/pages\/28"}],"collection":[{"href":"http:\/\/guia-practicum-dificultats-aprenentatge.recursos.uoc.edu\/guia-estudiantat\/es\/wp-json\/wp\/v2\/pages"}],"about":[{"href":"http:\/\/guia-practicum-dificultats-aprenentatge.recursos.uoc.edu\/guia-estudiantat\/es\/wp-json\/wp\/v2\/types\/page"}],"author":[{"embeddable":true,"href":"http:\/\/guia-practicum-dificultats-aprenentatge.recursos.uoc.edu\/guia-estudiantat\/es\/wp-json\/wp\/v2\/users\/1"}],"replies":[{"embeddable":true,"href":"http:\/\/guia-practicum-dificultats-aprenentatge.recursos.uoc.edu\/guia-estudiantat\/es\/wp-json\/wp\/v2\/comments?post=28"}],"version-history":[{"count":5,"href":"http:\/\/guia-practicum-dificultats-aprenentatge.recursos.uoc.edu\/guia-estudiantat\/es\/wp-json\/wp\/v2\/pages\/28\/revisions"}],"predecessor-version":[{"id":712,"href":"http:\/\/guia-practicum-dificultats-aprenentatge.recursos.uoc.edu\/guia-estudiantat\/es\/wp-json\/wp\/v2\/pages\/28\/revisions\/712"}],"wp:attachment":[{"href":"http:\/\/guia-practicum-dificultats-aprenentatge.recursos.uoc.edu\/guia-estudiantat\/es\/wp-json\/wp\/v2\/media?parent=28"}],"curies":[{"name":"wp","href":"https:\/\/api.w.org\/{rel}","templated":true}]}}