{"id":41,"date":"2021-03-18T11:29:26","date_gmt":"2021-03-18T09:29:26","guid":{"rendered":"http:\/\/guia-practicum-dificultats-aprenentatge.recursos.uoc.edu\/guia-estudiantes\/?page_id=41"},"modified":"2023-09-25T14:02:25","modified_gmt":"2023-09-25T12:02:25","slug":"2-4-la-etica-profesional","status":"publish","type":"page","link":"http:\/\/guia-practicum-dificultats-aprenentatge.recursos.uoc.edu\/guia-estudiantat\/es\/2-4-la-etica-profesional\/","title":{"rendered":"2.5. La \u00e9tica profesional"},"content":{"rendered":"<p>El compromiso \u00e9tico y global es una de las competencias transversales de la UOC y se trabaja en todas las titulaciones de la universidad. Esta competencia tiene por objetivo formar al estudiantado para \u00abactuar de manera honesta, \u00e9tica, sostenible, socialmente responsable y respetuosa con los derechos humanos y la diversidad\u00bb.<\/p>\n<p>A lo largo de todas las actividades del Pr\u00e1cticum profesionalizador se trabajar\u00e1n y evaluar\u00e1n diferentes dimensiones de esta competencia especialmente relacionadas con:<\/p>\n<ul>\n<li>El <strong>respeto a la diversidad cultural<\/strong>.<\/li>\n<li>El <strong><strong>respeto a la igualdad entre <b>hombres y mujeres<\/b><\/strong><\/strong>, incluyendo el uso no sexista del lenguaje.<\/li>\n<li>La <strong>protecci\u00f3n de los datos y la privacidad<\/strong> de las criaturas y sus familias.<\/li>\n<li>El dise\u00f1o y la evaluaci\u00f3n de propuestas de intervenci\u00f3n aplicando criterios de <strong>calidad<\/strong>, <strong>sostenibilidad<\/strong> y <strong>responsabilidad social<\/strong>.<\/li>\n<li>El <strong>rigor intelectual<\/strong> y las <strong>decisiones fundamentadas<\/strong> de acuerdo con modelos te\u00f3ricos en el ejercicio de la profesi\u00f3n.<\/li>\n<\/ul>\n<p>La competencia de compromiso \u00e9tico se pondr\u00e1 especialmente de relieve en la estancia del estudiantado en el centro de pr\u00e1cticas, donde deber\u00e1 actuar con las virtudes personales y profesionales que requiere el correcto ejercicio de la profesi\u00f3n y razonar en temas como la justicia, la equidad, la sostenibilidad, la igualdad de g\u00e9nero o la diversidad cultural en las diferentes situaciones que pueda encontrar en su praxis educativa.<\/p>\n<p>Considerando que el compromiso \u00e9tico requiere un h\u00e1bito de reflexi\u00f3n personal y una actuaci\u00f3n en coherencia con los propios valores o argumentaciones morales, a lo largo de este Pr\u00e1cticum, la <strong>reflexi\u00f3n \u00e9tica<\/strong> permear\u00e1 el aprendizaje experiencial del estudiante, pero no desde una perspectiva abstracta sino basada en casos concretos y dilemas vividos por los futuros\/as profesionales durante su estancia en el centro de pr\u00e1cticas.<\/p>\n","protected":false},"excerpt":{"rendered":"<p>El compromiso \u00e9tico y global es una de las competencias transversales de la UOC y se trabaja en todas las titulaciones de la universidad. Esta competencia tiene por objetivo formar al estudiantado para \u00abactuar de manera honesta, \u00e9tica, sostenible, socialmente responsable y respetuosa con los derechos humanos y la diversidad\u00bb. A lo largo de todas [&hellip;]<\/p>\n","protected":false},"author":1,"featured_media":0,"parent":0,"menu_order":0,"comment_status":"closed","ping_status":"closed","template":"","meta":[],"_links":{"self":[{"href":"http:\/\/guia-practicum-dificultats-aprenentatge.recursos.uoc.edu\/guia-estudiantat\/es\/wp-json\/wp\/v2\/pages\/41"}],"collection":[{"href":"http:\/\/guia-practicum-dificultats-aprenentatge.recursos.uoc.edu\/guia-estudiantat\/es\/wp-json\/wp\/v2\/pages"}],"about":[{"href":"http:\/\/guia-practicum-dificultats-aprenentatge.recursos.uoc.edu\/guia-estudiantat\/es\/wp-json\/wp\/v2\/types\/page"}],"author":[{"embeddable":true,"href":"http:\/\/guia-practicum-dificultats-aprenentatge.recursos.uoc.edu\/guia-estudiantat\/es\/wp-json\/wp\/v2\/users\/1"}],"replies":[{"embeddable":true,"href":"http:\/\/guia-practicum-dificultats-aprenentatge.recursos.uoc.edu\/guia-estudiantat\/es\/wp-json\/wp\/v2\/comments?post=41"}],"version-history":[{"count":7,"href":"http:\/\/guia-practicum-dificultats-aprenentatge.recursos.uoc.edu\/guia-estudiantat\/es\/wp-json\/wp\/v2\/pages\/41\/revisions"}],"predecessor-version":[{"id":924,"href":"http:\/\/guia-practicum-dificultats-aprenentatge.recursos.uoc.edu\/guia-estudiantat\/es\/wp-json\/wp\/v2\/pages\/41\/revisions\/924"}],"wp:attachment":[{"href":"http:\/\/guia-practicum-dificultats-aprenentatge.recursos.uoc.edu\/guia-estudiantat\/es\/wp-json\/wp\/v2\/media?parent=41"}],"curies":[{"name":"wp","href":"https:\/\/api.w.org\/{rel}","templated":true}]}}