{"id":479,"date":"2022-07-15T08:38:44","date_gmt":"2022-07-15T06:38:44","guid":{"rendered":"http:\/\/guia-practicum-dificultats-aprenentatge.recursos.uoc.edu\/guia-estudiantes\/?page_id=479"},"modified":"2025-12-07T19:09:10","modified_gmt":"2025-12-07T17:09:10","slug":"4-1-practicas-en-el-mismo-centro-de-trabajo","status":"publish","type":"page","link":"http:\/\/guia-practicum-dificultats-aprenentatge.recursos.uoc.edu\/guia-estudiantat\/es\/4-1-practicas-en-el-mismo-centro-de-trabajo\/","title":{"rendered":"4.1. Pr\u00e1cticas en el mismo centro de trabajo"},"content":{"rendered":"<p>Hay que recordar que el estudiantado que, de manera excepcional, hace las pr\u00e1cticas en la misma instituci\u00f3n de trabajo, deber\u00e1n presentar a su tutor o tutora UOC, en la fase de solicitud, una declaraci\u00f3n responsable en lo referente al horario de la actividad profesional y el horario de la actividad de Pr\u00e1cticum en el centro de trabajo (ver <a href=\"\/wp-content\/uploads\/sites\/3\/2025\/12\/Anexo4-1.pdf\" target=\"_blank\" rel=\"noopener\">anexo 4<\/a>). Este horario no puede ser coincidente.<\/p>\n<p>La comisi\u00f3n de pr\u00e1cticas del m\u00e1ster valorar\u00e1 si con la declaraci\u00f3n responsable se cumplen los requisitos y, en caso afirmativo, dar\u00e1 el visto bueno a fin de que el estudiante realice las pr\u00e1cticas en el mismo centro de trabajo.<\/p>\n<p>Al iniciar la asignatura, el estudiante deber\u00e1 presentar al\/la docente colaborador\/a del aula virtual un certificado firmado por la direcci\u00f3n del centro de pr\u00e1cticas (ver <a href=\"\/wp-content\/uploads\/sites\/3\/2022\/07\/Anexo3.pdf\" target=\"_blank\" rel=\"noopener\">anexo 3<\/a>) en el que se detalle cu\u00e1l ser\u00e1 el horario dedicado a hacer las tareas laborales y cu\u00e1l se dedicar\u00e1 a las pr\u00e1cticas. Adem\u00e1s del horario diferenciado, debe quedar claramente reflejado en el documento que las tareas y actividades hechas en el horario de pr\u00e1cticas son diferentes a aquellas que se hacen normalmente en el puesto de trabajo.<\/p>\n","protected":false},"excerpt":{"rendered":"<p>Hay que recordar que el estudiantado que, de manera excepcional, hace las pr\u00e1cticas en la misma instituci\u00f3n de trabajo, deber\u00e1n presentar a su tutor o tutora UOC, en la fase de solicitud, una declaraci\u00f3n responsable en lo referente al horario de la actividad profesional y el horario de la actividad de Pr\u00e1cticum en el centro [&hellip;]<\/p>\n","protected":false},"author":1,"featured_media":0,"parent":0,"menu_order":0,"comment_status":"closed","ping_status":"closed","template":"","meta":[],"_links":{"self":[{"href":"http:\/\/guia-practicum-dificultats-aprenentatge.recursos.uoc.edu\/guia-estudiantat\/es\/wp-json\/wp\/v2\/pages\/479"}],"collection":[{"href":"http:\/\/guia-practicum-dificultats-aprenentatge.recursos.uoc.edu\/guia-estudiantat\/es\/wp-json\/wp\/v2\/pages"}],"about":[{"href":"http:\/\/guia-practicum-dificultats-aprenentatge.recursos.uoc.edu\/guia-estudiantat\/es\/wp-json\/wp\/v2\/types\/page"}],"author":[{"embeddable":true,"href":"http:\/\/guia-practicum-dificultats-aprenentatge.recursos.uoc.edu\/guia-estudiantat\/es\/wp-json\/wp\/v2\/users\/1"}],"replies":[{"embeddable":true,"href":"http:\/\/guia-practicum-dificultats-aprenentatge.recursos.uoc.edu\/guia-estudiantat\/es\/wp-json\/wp\/v2\/comments?post=479"}],"version-history":[{"count":7,"href":"http:\/\/guia-practicum-dificultats-aprenentatge.recursos.uoc.edu\/guia-estudiantat\/es\/wp-json\/wp\/v2\/pages\/479\/revisions"}],"predecessor-version":[{"id":1004,"href":"http:\/\/guia-practicum-dificultats-aprenentatge.recursos.uoc.edu\/guia-estudiantat\/es\/wp-json\/wp\/v2\/pages\/479\/revisions\/1004"}],"wp:attachment":[{"href":"http:\/\/guia-practicum-dificultats-aprenentatge.recursos.uoc.edu\/guia-estudiantat\/es\/wp-json\/wp\/v2\/media?parent=479"}],"curies":[{"name":"wp","href":"https:\/\/api.w.org\/{rel}","templated":true}]}}