{"id":158,"date":"2021-03-24T15:32:31","date_gmt":"2021-03-24T13:32:31","guid":{"rendered":"http:\/\/guia-practicum-dificultats-aprenentatge.recursos.uoc.edu\/guia-estudiantes\/?page_id=158"},"modified":"2025-11-05T21:23:51","modified_gmt":"2025-11-05T19:23:51","slug":"3-1-2-funcions-de-la-tutora-o-tutor-del-centre-de-practiques","status":"publish","type":"page","link":"http:\/\/guia-practicum-dificultats-aprenentatge.recursos.uoc.edu\/guia-estudiantat\/3-1-2-funcions-de-la-tutora-o-tutor-del-centre-de-practiques\/","title":{"rendered":"3.1.2. Funcions de la tutora o tutor del centre de pr\u00e0ctiques"},"content":{"rendered":"<p>La figura del tutor o tutora del centre \u00e9s la d&#8217;un\/a professional <strong>amb vinculaci\u00f3 a la instituci\u00f3 on l&#8217;estudiantat fa les pr\u00e0ctiques<\/strong>, qui es responsabilitzar\u00e0 d&#8217;acompanyar i <strong>guiar l&#8217;estada de l&#8217;estudiantat al centre<\/strong> i facilitar l&#8217;aprofitament d&#8217;aquestes pr\u00e0ctiques. La tutora o el tutor de centre t\u00e9 b\u00e0sicament <strong>tres funcions<\/strong>:<\/p>\n<ul>\n<li>Acollir l&#8217;estudiantat en el marc de la instituci\u00f3 on es far\u00e0 el Pr\u00e0cticum.<\/li>\n<li>Explicar la missi\u00f3 del centre i el servei espec\u00edfic, aix\u00ed com el seu funcionament, fent possible l&#8217;acc\u00e9s a la informaci\u00f3 i el contacte amb els diferents equips professionals i persones usu\u00e0ries, per facilitar el desenvolupament del projecte de pr\u00e0ctiques.<\/li>\n<li>Proporcionar ajudes i suport a l&#8217;estudiantat en el proc\u00e9s de detecci\u00f3 de necessitats i l&#8217;adequaci\u00f3 del disseny i del desenvolupament del projecte al context concret. L&#8217;acompanyament es far\u00e0 de manera coordinada amb el professorat col\u00b7laborador de la UOC, que \u00e9s la figura principal d&#8217;orientaci\u00f3 i avaluaci\u00f3 de les pr\u00e0ctiques.<\/li>\n<\/ul>\n<p>Durant el per\u00edode de pr\u00e0ctiques, el professorat col\u00b7laborador de la UOC es posar\u00e0 en contacte amb el tutor o tutora de centre almenys en tres ocasions (inici, desenvolupament i tancament), per fer un seguiment minuci\u00f3s del treball de l&#8217;estudiantat i establir una relaci\u00f3 fluida entre la universitat i el centre en benefici de l&#8217;estudiantat.<\/p>\n<p>La tutora o el tutor del centre rebr\u00e0 per correu electr\u00f2nic la <strong>Guia del Pr\u00e0cticum per als centres<\/strong><em>, <\/em>a fi de garantir que disposin de tota la informaci\u00f3 necess\u00e0ria sobre el funcionament de l&#8217;assignatura, les funcions dels agents implicats i els resultats esperats.<\/p>\n<p>Durant el per\u00edode de pr\u00e0ctiques i al final del mateix, se sol\u00b7licitar\u00e0 a la tutora o tutor del centre fer una valoraci\u00f3 de l\u2019acompliment i de les compet\u00e8ncies de l&#8217;estudiantat durant la seva estada al centre. Els aspectes concrets que han de ser valorats s\u00f3n els que consten a l&#8217;<a href=\"\/wp-content\/uploads\/sites\/3\/2025\/11\/Annex1.pdf\" target=\"_blank\" rel=\"noopener\">annex 1<\/a> d&#8217;aquesta guia. Igualment, la tutora o tutor del centre haur\u00e0 de certificar les hores de pr\u00e0ctiques desenvolupades per l&#8217;estudiantat al centre (veure <a href=\"\/wp-content\/uploads\/sites\/3\/2022\/06\/Annex2.pdf\" target=\"_blank\" rel=\"noopener\">annex 2<\/a>).<\/p>\n<p>La persona que ha tutoritzat les pr\u00e0ctiques de l&#8217;estudiantat al centre rebr\u00e0 un certificat expedit per la UOC en el qual s&#8217;acreditar\u00e0 aquesta funci\u00f3, una vegada finalitzat el per\u00edode de pr\u00e0ctiques.<\/p>\n","protected":false},"excerpt":{"rendered":"<p>La figura del tutor o tutora del centre \u00e9s la d&#8217;un\/a professional amb vinculaci\u00f3 a la instituci\u00f3 on l&#8217;estudiantat fa les pr\u00e0ctiques, qui es responsabilitzar\u00e0 d&#8217;acompanyar i guiar l&#8217;estada de l&#8217;estudiantat al centre i facilitar l&#8217;aprofitament d&#8217;aquestes pr\u00e0ctiques. La tutora o el tutor de centre t\u00e9 b\u00e0sicament tres funcions: Acollir l&#8217;estudiantat en el marc de [&hellip;]<\/p>\n","protected":false},"author":1,"featured_media":0,"parent":0,"menu_order":0,"comment_status":"closed","ping_status":"closed","template":"","meta":[],"_links":{"self":[{"href":"http:\/\/guia-practicum-dificultats-aprenentatge.recursos.uoc.edu\/guia-estudiantat\/wp-json\/wp\/v2\/pages\/158"}],"collection":[{"href":"http:\/\/guia-practicum-dificultats-aprenentatge.recursos.uoc.edu\/guia-estudiantat\/wp-json\/wp\/v2\/pages"}],"about":[{"href":"http:\/\/guia-practicum-dificultats-aprenentatge.recursos.uoc.edu\/guia-estudiantat\/wp-json\/wp\/v2\/types\/page"}],"author":[{"embeddable":true,"href":"http:\/\/guia-practicum-dificultats-aprenentatge.recursos.uoc.edu\/guia-estudiantat\/wp-json\/wp\/v2\/users\/1"}],"replies":[{"embeddable":true,"href":"http:\/\/guia-practicum-dificultats-aprenentatge.recursos.uoc.edu\/guia-estudiantat\/wp-json\/wp\/v2\/comments?post=158"}],"version-history":[{"count":11,"href":"http:\/\/guia-practicum-dificultats-aprenentatge.recursos.uoc.edu\/guia-estudiantat\/wp-json\/wp\/v2\/pages\/158\/revisions"}],"predecessor-version":[{"id":963,"href":"http:\/\/guia-practicum-dificultats-aprenentatge.recursos.uoc.edu\/guia-estudiantat\/wp-json\/wp\/v2\/pages\/158\/revisions\/963"}],"wp:attachment":[{"href":"http:\/\/guia-practicum-dificultats-aprenentatge.recursos.uoc.edu\/guia-estudiantat\/wp-json\/wp\/v2\/media?parent=158"}],"curies":[{"name":"wp","href":"https:\/\/api.w.org\/{rel}","templated":true}]}}