{"id":166,"date":"2021-03-24T15:36:32","date_gmt":"2021-03-24T13:36:32","guid":{"rendered":"http:\/\/guia-practicum-dificultats-aprenentatge.recursos.uoc.edu\/guia-estudiantes\/?page_id=166"},"modified":"2025-11-05T21:24:56","modified_gmt":"2025-11-05T19:24:56","slug":"3-4-avaluacio","status":"publish","type":"page","link":"http:\/\/guia-practicum-dificultats-aprenentatge.recursos.uoc.edu\/guia-estudiantat\/3-4-avaluacio\/","title":{"rendered":"3.4. Avaluaci\u00f3"},"content":{"rendered":"<p>En el context del Pr\u00e0cticum professionalitzador, l&#8217;avaluaci\u00f3 cont\u00ednua (avaluaci\u00f3 formativa) esdev\u00e9 l&#8217;\u00fanic sistema d&#8217;avaluaci\u00f3. \u00c9s una condici\u00f3 indispensable que l&#8217;estudiant hagi fet una feina regular i progressiva. Tamb\u00e9 \u00e9s necessari que aquesta feina s&#8217;hagi vinculat d&#8217;una manera adequada amb les activitats presencials. Per superar l&#8217;assignatura, l&#8217;estudiant ha de fer i aprovar totes les activitats d&#8217;avaluaci\u00f3 cont\u00ednua. Un susp\u00e8s en l&#8217;avaluaci\u00f3 cont\u00ednua significa un susp\u00e8s en la qualificaci\u00f3 final, ja que no es preveu examen final i, per tant, l&#8217;estudiant no superar\u00e0 l&#8217;assignatura.<\/p>\n<p>L&#8217;avaluaci\u00f3 final de l&#8217;assignatura tamb\u00e9 t\u00e9 en compte la valoraci\u00f3 que emeti el tutor o la tutora del centre de pr\u00e0ctiques (vegeu els criteris a l&#8217;<a href=\"\/wp-content\/uploads\/sites\/3\/2025\/11\/Annex1.pdf\" target=\"_blank\" rel=\"noopener\">annex 1<\/a> de la guia), establint que un % de la ponderaci\u00f3 de l&#8217;avaluaci\u00f3 cont\u00ednua equivalgui a la qualificaci\u00f3 que hagi posat el o la tutora de centre. La ponderaci\u00f3 exacta s&#8217;especifica en el pla docent i en les activitats de l&#8217;assignatura. Si la valoraci\u00f3 per part del tutor o la tutora de centre queda suspesa, l&#8217;estudiant no podr\u00e0 superar les pr\u00e0ctiques.<\/p>\n<p>Per tant, la qualificaci\u00f3 final de l&#8217;assignatura s&#8217;obt\u00e9 a partir dels seg\u00fcents criteris:<\/p>\n<ul>\n<li>La qualificaci\u00f3 per part del\/la docent col\u00b7laborador\/a (PDC) de la UOC.<\/li>\n<li>La valoraci\u00f3 del tutor o la tutora del centre (<a href=\"\/wp-content\/uploads\/sites\/3\/2025\/11\/Annex1.pdf\" target=\"_blank\" rel=\"noopener\">annex 1<\/a>).<\/li>\n<\/ul>\n<div class=\"featured featured-blue\"><p>Aix\u00ed mateix, per avaluar l&#8217;assignatura \u00e9s una condici\u00f3 indispensable disposar del certificat de les pr\u00e0ctiques em\u00e8s pel centre de pr\u00e0ctiques, mitjan\u00e7ant el qual se certifiquen les <strong>hores de presencialitat<\/strong> de l&#8217;estudiant al centre (vegeu l&#8217;<a href=\"\/wp-content\/uploads\/sites\/3\/2022\/06\/Annex2.pdf\" target=\"_blank\" rel=\"noopener\">annex 2<\/a>).<\/p>\n<\/div>\n","protected":false},"excerpt":{"rendered":"<p>En el context del Pr\u00e0cticum professionalitzador, l&#8217;avaluaci\u00f3 cont\u00ednua (avaluaci\u00f3 formativa) esdev\u00e9 l&#8217;\u00fanic sistema d&#8217;avaluaci\u00f3. \u00c9s una condici\u00f3 indispensable que l&#8217;estudiant hagi fet una feina regular i progressiva. Tamb\u00e9 \u00e9s necessari que aquesta feina s&#8217;hagi vinculat d&#8217;una manera adequada amb les activitats presencials. Per superar l&#8217;assignatura, l&#8217;estudiant ha de fer i aprovar totes les activitats d&#8217;avaluaci\u00f3 [&hellip;]<\/p>\n","protected":false},"author":1,"featured_media":0,"parent":0,"menu_order":0,"comment_status":"closed","ping_status":"closed","template":"","meta":[],"_links":{"self":[{"href":"http:\/\/guia-practicum-dificultats-aprenentatge.recursos.uoc.edu\/guia-estudiantat\/wp-json\/wp\/v2\/pages\/166"}],"collection":[{"href":"http:\/\/guia-practicum-dificultats-aprenentatge.recursos.uoc.edu\/guia-estudiantat\/wp-json\/wp\/v2\/pages"}],"about":[{"href":"http:\/\/guia-practicum-dificultats-aprenentatge.recursos.uoc.edu\/guia-estudiantat\/wp-json\/wp\/v2\/types\/page"}],"author":[{"embeddable":true,"href":"http:\/\/guia-practicum-dificultats-aprenentatge.recursos.uoc.edu\/guia-estudiantat\/wp-json\/wp\/v2\/users\/1"}],"replies":[{"embeddable":true,"href":"http:\/\/guia-practicum-dificultats-aprenentatge.recursos.uoc.edu\/guia-estudiantat\/wp-json\/wp\/v2\/comments?post=166"}],"version-history":[{"count":10,"href":"http:\/\/guia-practicum-dificultats-aprenentatge.recursos.uoc.edu\/guia-estudiantat\/wp-json\/wp\/v2\/pages\/166\/revisions"}],"predecessor-version":[{"id":964,"href":"http:\/\/guia-practicum-dificultats-aprenentatge.recursos.uoc.edu\/guia-estudiantat\/wp-json\/wp\/v2\/pages\/166\/revisions\/964"}],"wp:attachment":[{"href":"http:\/\/guia-practicum-dificultats-aprenentatge.recursos.uoc.edu\/guia-estudiantat\/wp-json\/wp\/v2\/media?parent=166"}],"curies":[{"name":"wp","href":"https:\/\/api.w.org\/{rel}","templated":true}]}}