{"id":382,"date":"2022-06-30T08:37:12","date_gmt":"2022-06-30T06:37:12","guid":{"rendered":"http:\/\/guia-practicum-dificultats-aprenentatge.recursos.uoc.edu\/guia-estudiantes\/?page_id=382"},"modified":"2025-12-07T19:07:56","modified_gmt":"2025-12-07T17:07:56","slug":"4-1-practiques-en-el-mateix-centre-de-treball","status":"publish","type":"page","link":"http:\/\/guia-practicum-dificultats-aprenentatge.recursos.uoc.edu\/guia-estudiantat\/4-1-practiques-en-el-mateix-centre-de-treball\/","title":{"rendered":"4.1. Pr\u00e0ctiques en el mateix centre de treball"},"content":{"rendered":"<p>Cal recordar que l&#8217;estudiantat que, de manera excepcional, fa les pr\u00e0ctiques en la mateixa instituci\u00f3 de treball,\u00a0 ha de presentar al seu tutor o tutora UOC, en la fase de sol\u00b7licitud, una declaraci\u00f3 responsable referent a l\u2019horari de l\u2019activitat professional i l\u2019horari de l\u2019activitat de Pr\u00e0cticum al centre de treball (veure <a href=\"\/wp-content\/uploads\/sites\/3\/2025\/11\/Annex4.pdf\" target=\"_blank\" rel=\"noopener\">annex 4<\/a>). Aquest horari no pot ser coincident.<\/p>\n<p>La comissi\u00f3 de pr\u00e0ctiques del m\u00e0ster valorar\u00e0 si amb la declaraci\u00f3 responsable es compleixen els requisits i, en cas afirmatiu, donar\u00e0 el vistiplau a fi que l\u2019estudiant realitzi les pr\u00e0ctiques en el mateix centre de treball.<\/p>\n<p>En iniciar l\u2019assignatura, l\u2019estudiant haur\u00e0 de presentar al professorat docent col\u00b7laborador de l\u2019aula virtual un certificat signat per la direcci\u00f3 del centre de pr\u00e0ctiques (veure <a href=\"\/wp-content\/uploads\/sites\/3\/2022\/06\/Annex3.pdf\" target=\"_blank\" rel=\"noopener\">annex 3<\/a>) en el qual es detalli quin ser\u00e0 l\u2019horari dedicat a fer les tasques laborals i quin es dedicar\u00e0 a les pr\u00e0ctiques. A m\u00e9s de l\u2019horari diferenciat, ha de quedar clarament reflectit en el document que les tasques i activitats fetes en l\u2019horari de pr\u00e0ctiques s\u00f3n diferents d\u2019aquelles que es fan normalment en el lloc de treball.<\/p>\n<p>&nbsp;<\/p>\n","protected":false},"excerpt":{"rendered":"<p>Cal recordar que l&#8217;estudiantat que, de manera excepcional, fa les pr\u00e0ctiques en la mateixa instituci\u00f3 de treball,\u00a0 ha de presentar al seu tutor o tutora UOC, en la fase de sol\u00b7licitud, una declaraci\u00f3 responsable referent a l\u2019horari de l\u2019activitat professional i l\u2019horari de l\u2019activitat de Pr\u00e0cticum al centre de treball (veure annex 4). Aquest horari [&hellip;]<\/p>\n","protected":false},"author":1,"featured_media":0,"parent":0,"menu_order":0,"comment_status":"closed","ping_status":"closed","template":"","meta":[],"_links":{"self":[{"href":"http:\/\/guia-practicum-dificultats-aprenentatge.recursos.uoc.edu\/guia-estudiantat\/wp-json\/wp\/v2\/pages\/382"}],"collection":[{"href":"http:\/\/guia-practicum-dificultats-aprenentatge.recursos.uoc.edu\/guia-estudiantat\/wp-json\/wp\/v2\/pages"}],"about":[{"href":"http:\/\/guia-practicum-dificultats-aprenentatge.recursos.uoc.edu\/guia-estudiantat\/wp-json\/wp\/v2\/types\/page"}],"author":[{"embeddable":true,"href":"http:\/\/guia-practicum-dificultats-aprenentatge.recursos.uoc.edu\/guia-estudiantat\/wp-json\/wp\/v2\/users\/1"}],"replies":[{"embeddable":true,"href":"http:\/\/guia-practicum-dificultats-aprenentatge.recursos.uoc.edu\/guia-estudiantat\/wp-json\/wp\/v2\/comments?post=382"}],"version-history":[{"count":10,"href":"http:\/\/guia-practicum-dificultats-aprenentatge.recursos.uoc.edu\/guia-estudiantat\/wp-json\/wp\/v2\/pages\/382\/revisions"}],"predecessor-version":[{"id":1003,"href":"http:\/\/guia-practicum-dificultats-aprenentatge.recursos.uoc.edu\/guia-estudiantat\/wp-json\/wp\/v2\/pages\/382\/revisions\/1003"}],"wp:attachment":[{"href":"http:\/\/guia-practicum-dificultats-aprenentatge.recursos.uoc.edu\/guia-estudiantat\/wp-json\/wp\/v2\/media?parent=382"}],"curies":[{"name":"wp","href":"https:\/\/api.w.org\/{rel}","templated":true}]}}